{"id":28,"date":"2020-03-17T12:26:12","date_gmt":"2020-03-17T12:26:12","guid":{"rendered":"http:\/\/barnettlawyers.wpengine.com\/?page_id=28"},"modified":"2024-05-14T07:49:29","modified_gmt":"2024-05-14T07:49:29","slug":"why-choose-us","status":"publish","type":"page","link":"https:\/\/barnettlawyers.com\/es\/why-choose-us\/","title":{"rendered":"Por qu\u00e9 escogernos"},"content":{"rendered":"<h1>\u00a1Los abogados que usted quiere<\/h1>\n<h2>que est\u00e9n de su parte!<\/h2>\n<p>The legal team you choose is crucial to the success of your case. We encourage you to ask questions and partner with the firm you feel most comfortable working with. You need two things on your side to win a case; experience and passion. At Barnett, Barnett &amp; Wilson, we combine over 50 years of solid experience with a passion for fighting for your rights. We\u2019ve built a culture around pursuing justice, fair settlements and helping clients put their lives back together. When you Barnett, Barnett &amp; Wilson on your side, you can feel secure you are receiving the best representation available.<\/p>\n<h3>Llame al <a href=\"tel:9546181776\">954-618-1776<\/a> today!<\/h3>","protected":false},"excerpt":{"rendered":"<p>The Lawyers You Want On Your Side! The legal team you choose is crucial to the success of your case. We encourage you to ask questions and partner with the firm you feel most comfortable working with. You need two things on your side to win a case; experience and passion. At Barnett, Barnett &amp; &hellip; <a href=\"https:\/\/barnettlawyers.com\/es\/why-choose-us\/\" class=\"more-link\">Continue reading<span class=\"screen-reader-text\"> &#8220;Why Choose Us&#8221;<\/span><\/a><\/p>","protected":false},"author":1,"featured_media":132,"parent":0,"menu_order":0,"comment_status":"closed","ping_status":"closed","template":"","meta":{"_acf_changed":false,"_monsterinsights_skip_tracking":false,"_monsterinsights_sitenote_active":false,"_monsterinsights_sitenote_note":"","_monsterinsights_sitenote_category":0,"footnotes":""},"class_list":["post-28","page","type-page","status-publish","has-post-thumbnail","hentry"],"acf":[],"yoast_head":"<!-- This site is optimized with the Yoast SEO plugin v27.1.1 - https:\/\/yoast.com\/product\/yoast-seo-wordpress\/ -->\n<title>Por qu\u00e9 escogernos | Resbalones y ca\u00eddas herido en el puerto lesionado en el trabajo Port Everglades Miami Fort Lauderdale<\/title>\n<meta name=\"description\" content=\"No nos apartamos de los desaf\u00edos como un accidente automovil\u00edstico o de compensaci\u00f3n de trabajadores portuarios. Llame al 954-618-1776 hoy mismo y perm\u00edtanos ayudarle.\" \/>\n<meta name=\"robots\" content=\"index, follow, max-snippet:-1, max-image-preview:large, max-video-preview:-1\" \/>\n<link rel=\"canonical\" href=\"https:\/\/barnettlawyers.com\/es\/why-choose-us\/\" \/>\n<meta property=\"og:locale\" content=\"es_ES\" \/>\n<meta property=\"og:type\" content=\"article\" \/>\n<meta property=\"og:title\" content=\"Why Choose Us - Barnett, Barnett &amp; Wilson\" \/>\n<meta property=\"og:description\" content=\"The Lawyers You Want On Your Side! The legal team you choose is crucial to the success of your case. We encourage you to ask questions and partner with the firm you feel most comfortable working with. You need two things on your side to win a case; experience and passion. At Barnett, Barnett &amp; &hellip; Continue reading &quot;Why Choose Us&quot;\" \/>\n<meta property=\"og:url\" content=\"https:\/\/barnettlawyers.com\/es\/why-choose-us\/\" \/>\n<meta property=\"og:site_name\" content=\"Barnett, Barnett &amp; Wilson\" \/>\n<meta property=\"article:modified_time\" content=\"2024-05-14T07:49:29+00:00\" \/>\n<meta property=\"og:image\" content=\"https:\/\/barnettlawyers.com\/wp-content\/uploads\/2020\/03\/why-choose-us-banner02.jpg\" \/>\n\t<meta property=\"og:image:width\" content=\"1900\" \/>\n\t<meta property=\"og:image:height\" content=\"1080\" \/>\n\t<meta property=\"og:image:type\" content=\"image\/jpeg\" \/>\n<meta name=\"twitter:card\" content=\"summary_large_image\" \/>\n<meta name=\"twitter:label1\" content=\"Est. reading time\" \/>\n\t<meta name=\"twitter:data1\" content=\"1 minuto\" \/>\n<script type=\"application\/ld+json\" class=\"yoast-schema-graph\">{\"@context\":\"https:\/\/schema.org\",\"@graph\":[{\"@type\":\"WebPage\",\"@id\":\"https:\/\/barnettlawyers.com\/why-choose-us\/\",\"url\":\"https:\/\/barnettlawyers.com\/why-choose-us\/\",\"name\":\"Why Choose Us - Barnett, Barnett &amp; Wilson\",\"isPartOf\":{\"@id\":\"https:\/\/barnettlawyers.com\/#website\"},\"primaryImageOfPage\":{\"@id\":\"https:\/\/barnettlawyers.com\/why-choose-us\/#primaryimage\"},\"image\":{\"@id\":\"https:\/\/barnettlawyers.com\/why-choose-us\/#primaryimage\"},\"thumbnailUrl\":\"https:\/\/barnettlawyers.com\/wp-content\/uploads\/2020\/03\/why-choose-us-banner02.jpg\",\"datePublished\":\"2020-03-17T12:26:12+00:00\",\"dateModified\":\"2024-05-14T07:49:29+00:00\",\"breadcrumb\":{\"@id\":\"https:\/\/barnettlawyers.com\/why-choose-us\/#breadcrumb\"},\"inLanguage\":\"es\",\"potentialAction\":[{\"@type\":\"ReadAction\",\"target\":[\"https:\/\/barnettlawyers.com\/why-choose-us\/\"]}]},{\"@type\":\"ImageObject\",\"inLanguage\":\"es\",\"@id\":\"https:\/\/barnettlawyers.com\/why-choose-us\/#primaryimage\",\"url\":\"https:\/\/barnettlawyers.com\/wp-content\/uploads\/2020\/03\/why-choose-us-banner02.jpg\",\"contentUrl\":\"https:\/\/barnettlawyers.com\/wp-content\/uploads\/2020\/03\/why-choose-us-banner02.jpg\",\"width\":1900,\"height\":1080},{\"@type\":\"BreadcrumbList\",\"@id\":\"https:\/\/barnettlawyers.com\/why-choose-us\/#breadcrumb\",\"itemListElement\":[{\"@type\":\"ListItem\",\"position\":1,\"name\":\"Home\",\"item\":\"https:\/\/barnettlawyers.com\/\"},{\"@type\":\"ListItem\",\"position\":2,\"name\":\"Why Choose Us\"}]},{\"@type\":\"WebSite\",\"@id\":\"https:\/\/barnettlawyers.com\/#website\",\"url\":\"https:\/\/barnettlawyers.com\/\",\"name\":\"Barnett, Barnett &amp; Wilson\",\"description\":\"\",\"publisher\":{\"@id\":\"https:\/\/barnettlawyers.com\/#organization\"},\"potentialAction\":[{\"@type\":\"SearchAction\",\"target\":{\"@type\":\"EntryPoint\",\"urlTemplate\":\"https:\/\/barnettlawyers.com\/?s={search_term_string}\"},\"query-input\":{\"@type\":\"PropertyValueSpecification\",\"valueRequired\":true,\"valueName\":\"search_term_string\"}}],\"inLanguage\":\"es\"},{\"@type\":\"Organization\",\"@id\":\"https:\/\/barnettlawyers.com\/#organization\",\"name\":\"Barnett, Barnett &amp; Wilson\",\"url\":\"https:\/\/barnettlawyers.com\/\",\"logo\":{\"@type\":\"ImageObject\",\"inLanguage\":\"es\",\"@id\":\"https:\/\/barnettlawyers.com\/#\/schema\/logo\/image\/\",\"url\":\"https:\/\/barnettlawyers.com\/wp-content\/uploads\/2023\/07\/new_logo-site.png\",\"contentUrl\":\"https:\/\/barnettlawyers.com\/wp-content\/uploads\/2023\/07\/new_logo-site.png\",\"width\":466,\"height\":75,\"caption\":\"Barnett, Barnett &amp; Wilson\"},\"image\":{\"@id\":\"https:\/\/barnettlawyers.com\/#\/schema\/logo\/image\/\"}}]}<\/script>\n<!-- \/ Yoast SEO plugin. -->","yoast_head_json":{"title":"Por qu\u00e9 escogernos | Resbalones y ca\u00eddas herido en el puerto lesionado en el trabajo Port Everglades Miami Fort Lauderdale","description":"No nos apartamos de los desaf\u00edos como un accidente automovil\u00edstico o de compensaci\u00f3n de trabajadores portuarios. Llame al 954-618-1776 hoy mismo y perm\u00edtanos ayudarle.","robots":{"index":"index","follow":"follow","max-snippet":"max-snippet:-1","max-image-preview":"max-image-preview:large","max-video-preview":"max-video-preview:-1"},"canonical":"https:\/\/barnettlawyers.com\/es\/why-choose-us\/","og_locale":"es_ES","og_type":"article","og_title":"Why Choose Us - Barnett, Barnett &amp; Wilson","og_description":"The Lawyers You Want On Your Side! The legal team you choose is crucial to the success of your case. We encourage you to ask questions and partner with the firm you feel most comfortable working with. You need two things on your side to win a case; experience and passion. At Barnett, Barnett &amp; &hellip; Continue reading \"Why Choose Us\"","og_url":"https:\/\/barnettlawyers.com\/es\/why-choose-us\/","og_site_name":"Barnett, Barnett &amp; Wilson","article_modified_time":"2024-05-14T07:49:29+00:00","og_image":[{"width":1900,"height":1080,"url":"https:\/\/barnettlawyers.com\/wp-content\/uploads\/2020\/03\/why-choose-us-banner02.jpg","type":"image\/jpeg"}],"twitter_card":"summary_large_image","twitter_misc":{"Est. reading time":"1 minuto"},"schema":{"@context":"https:\/\/schema.org","@graph":[{"@type":"WebPage","@id":"https:\/\/barnettlawyers.com\/why-choose-us\/","url":"https:\/\/barnettlawyers.com\/why-choose-us\/","name":"Why Choose Us - Barnett, Barnett &amp; Wilson","isPartOf":{"@id":"https:\/\/barnettlawyers.com\/#website"},"primaryImageOfPage":{"@id":"https:\/\/barnettlawyers.com\/why-choose-us\/#primaryimage"},"image":{"@id":"https:\/\/barnettlawyers.com\/why-choose-us\/#primaryimage"},"thumbnailUrl":"https:\/\/barnettlawyers.com\/wp-content\/uploads\/2020\/03\/why-choose-us-banner02.jpg","datePublished":"2020-03-17T12:26:12+00:00","dateModified":"2024-05-14T07:49:29+00:00","breadcrumb":{"@id":"https:\/\/barnettlawyers.com\/why-choose-us\/#breadcrumb"},"inLanguage":"es","potentialAction":[{"@type":"ReadAction","target":["https:\/\/barnettlawyers.com\/why-choose-us\/"]}]},{"@type":"ImageObject","inLanguage":"es","@id":"https:\/\/barnettlawyers.com\/why-choose-us\/#primaryimage","url":"https:\/\/barnettlawyers.com\/wp-content\/uploads\/2020\/03\/why-choose-us-banner02.jpg","contentUrl":"https:\/\/barnettlawyers.com\/wp-content\/uploads\/2020\/03\/why-choose-us-banner02.jpg","width":1900,"height":1080},{"@type":"BreadcrumbList","@id":"https:\/\/barnettlawyers.com\/why-choose-us\/#breadcrumb","itemListElement":[{"@type":"ListItem","position":1,"name":"Home","item":"https:\/\/barnettlawyers.com\/"},{"@type":"ListItem","position":2,"name":"Why Choose Us"}]},{"@type":"WebSite","@id":"https:\/\/barnettlawyers.com\/#website","url":"https:\/\/barnettlawyers.com\/","name":"Barnett, Barnett &amp; Wilson","description":"","publisher":{"@id":"https:\/\/barnettlawyers.com\/#organization"},"potentialAction":[{"@type":"SearchAction","target":{"@type":"EntryPoint","urlTemplate":"https:\/\/barnettlawyers.com\/?s={search_term_string}"},"query-input":{"@type":"PropertyValueSpecification","valueRequired":true,"valueName":"search_term_string"}}],"inLanguage":"es"},{"@type":"Organization","@id":"https:\/\/barnettlawyers.com\/#organization","name":"Barnett, Barnett &amp; Wilson","url":"https:\/\/barnettlawyers.com\/","logo":{"@type":"ImageObject","inLanguage":"es","@id":"https:\/\/barnettlawyers.com\/#\/schema\/logo\/image\/","url":"https:\/\/barnettlawyers.com\/wp-content\/uploads\/2023\/07\/new_logo-site.png","contentUrl":"https:\/\/barnettlawyers.com\/wp-content\/uploads\/2023\/07\/new_logo-site.png","width":466,"height":75,"caption":"Barnett, Barnett &amp; Wilson"},"image":{"@id":"https:\/\/barnettlawyers.com\/#\/schema\/logo\/image\/"}}]}},"_links":{"self":[{"href":"https:\/\/barnettlawyers.com\/es\/wp-json\/wp\/v2\/pages\/28","targetHints":{"allow":["GET"]}}],"collection":[{"href":"https:\/\/barnettlawyers.com\/es\/wp-json\/wp\/v2\/pages"}],"about":[{"href":"https:\/\/barnettlawyers.com\/es\/wp-json\/wp\/v2\/types\/page"}],"author":[{"embeddable":true,"href":"https:\/\/barnettlawyers.com\/es\/wp-json\/wp\/v2\/users\/1"}],"replies":[{"embeddable":true,"href":"https:\/\/barnettlawyers.com\/es\/wp-json\/wp\/v2\/comments?post=28"}],"version-history":[{"count":0,"href":"https:\/\/barnettlawyers.com\/es\/wp-json\/wp\/v2\/pages\/28\/revisions"}],"wp:featuredmedia":[{"embeddable":true,"href":"https:\/\/barnettlawyers.com\/es\/wp-json\/wp\/v2\/media\/132"}],"wp:attachment":[{"href":"https:\/\/barnettlawyers.com\/es\/wp-json\/wp\/v2\/media?parent=28"}],"curies":[{"name":"wp","href":"https:\/\/api.w.org\/{rel}","templated":true}]}}